{"id":4495,"date":"2020-04-24T19:20:23","date_gmt":"2020-04-24T19:20:23","guid":{"rendered":"https:\/\/www.cesarflor.com\/tiendacesarflor\/?page_id=4495"},"modified":"2020-04-24T19:57:02","modified_gmt":"2020-04-24T19:57:02","slug":"avisoslegales","status":"publish","type":"page","link":"https:\/\/www.cesarflor.com\/tiendacesarflor\/avisoslegales\/","title":{"rendered":"AVISOS LEGALES"},"content":{"rendered":"<p>[vc_row content_width=\u00bbfull\u00bb][vc_column offset=\u00bbvc_col-lg-offset-2 vc_col-lg-8 vc_col-md-offset-1 vc_col-md-10&#8243;][gsf_space desktop=\u00bb200&#8243; tablet=\u00bb110&#8243; tablet_portrait=\u00bb90&#8243; mobile_landscape=\u00bb80&#8243; mobile=\u00bb70&#8243;][gsf_heading title_font_size=\u00bb24&#8243; title_color=\u00bb#acd373&#8243; title_letter_spacing=\u00bb0.1&#8243; sub_title_font_size=\u00bb14&#8243; text_align=\u00bbtext-left\u00bb title_use_theme_fonts=\u00bb\u00bb title=\u00bbAVISO LEGAL Y POL\u00cdTICA DE PRIVACIDAD\u00bb title_typography=\u00bbLato|regular|400|normal\u00bb]<\/p>\n<div class=\"page container\">\n<div class=\"row\">\n<div class=\"page-with-sidebar\">\n<div class=\"col-lg-12\">\n<p class=\"mt-4\">En cumplimiento con el deber de informaci\u00f3n recogido en art\u00edculo 10 de la Ley 34\/2002, de 11 de julio, de Servicios de la Sociedad de la Informaci\u00f3n y del Comercio Electr\u00f3nico, a continuaci\u00f3n se reflejan los siguientes datos: la persona\/empresa titular de dominio web es CESARFLOR S.L. con direcci\u00f3n en Calle Dr. Barraquer, 12, 04005 Almer\u00eda y NIF: B04690608. En nombre de CESARFLOR S.L., tratamos la informaci\u00f3n que nos facilita con el fin de prestarles el servicio solicitado. Los datos proporcionados se conservar\u00e1n mientras se mantenga la relaci\u00f3n comercial o durante el periodo necesario para cumplir con las obligaciones legales. Usted tiene derecho a obtener confirmaci\u00f3n sobre si CESARFLOR S.L., esta tratando sus datos personales, por tanto tiene derecho a acceder a ellos, rectificarlos o soliticar su supresi\u00f3n cuando ya no sean necesarios.<\/p>\n<p>Aceptando la politica de privacidad, esta dando su consentimiento y autorizaci\u00f3n para ofrecerle informaci\u00f3n y servicios relacionados y fidelizarle como usuario. Al mismo tiempo, Usted declara, a trav\u00e9s de la marcaci\u00f3n de las casillas de aceptaci\u00f3n de la privacidad, bajo su propia responsabilidad, tener cumplidos los catorce a\u00f1os de edad, respondiendo de manera exclusiva y personal de la veracidad de dicha declaraci\u00f3n y asumiendo, por ende, las posibles responsabilidades legales al respecto. Usted consiente, a trav\u00e9s de la marcaci\u00f3n de la presente casilla, para la recepci\u00f3n de comunicaciones comerciales y de cortes\u00eda relacionadas con nuestra entidad a trav\u00e9s del tel\u00e9fono, correo postal ordinario, correo electr\u00f3nico o medios de comunicaci\u00f3n electr\u00f3nica equivalentes.<\/p>\n<p>&nbsp;<\/p>\n<p><span style=\"color: #333333; font-weight: bold;\">La pol\u00edtica de privacidad se rige por las siguientes normas:<\/span><\/p>\n<div class=\"page container\">\n<div class=\"row\">\n<div class=\"page-with-sidebar\">\n<div class=\"card bg-light col-lg-12 mt-3\">\n<ul>\n<li><strong><a href=\"https:\/\/www.boe.es\/doue\/2016\/119\/L00001-00088.pdf\" target=\"_blank\" rel=\"noopener noreferrer\">El Reglamento (UE) 2016\/679 del Parlamento Europeo y del Consejo de 27 de abril de 2016<\/a><\/strong>, relativo a la protecci\u00f3n de las personas f\u00edsicas en lo que respecta al tratamiento de datos personales y a la libre circulaci\u00f3n de estos datos. (RGDP Reglamento europeo de protecci\u00f3n de datos)<\/li>\n<li><strong><a href=\"https:\/\/www.boe.es\/buscar\/act.php?id=BOE-A-1999-23750&amp;p=20110305&amp;tn=1\" target=\"_blank\" rel=\"noopener noreferrer\">La Ley Org\u00e1nica 15\/1999 de 13 de diciembre<\/a><\/strong>, de Protecci\u00f3n de Datos de Car\u00e1cter Personal (LOPD)<\/li>\n<li><strong><a href=\"https:\/\/www.boe.es\/buscar\/act.php?id=BOE-A-2008-979&amp;p=20120308&amp;tn=1\" target=\"_blank\" rel=\"noopener noreferrer\">El Real Decreto 1720\/2007 de 21 de diciembre<\/a><\/strong>, por el que se aprueba el Reglamento de desarrollo de la Ley Org\u00e1nica 15\/1999, de 13 de diciembre, de Protecci\u00f3n de Datos de Car\u00e1cter Personal.<\/li>\n<li><strong><a href=\"https:\/\/www.boe.es\/buscar\/act.php?id=BOE-A-2002-13758\" target=\"_blank\" rel=\"noopener noreferrer\">La Ley 34\/2002 de 11 de julio<\/a><\/strong>, de Servicios de la Sociedad de la Informaci\u00f3n y de Comercio Electr\u00f3nico (LSSI-CE).<\/li>\n<\/ul>\n<\/div>\n<\/div>\n<\/div>\n<\/div>\n<\/div>\n<\/div>\n<\/div>\n<\/div>\n<p>[\/gsf_heading][gsf_space desktop=\u00bb100&#8243; tablet=\u00bb110&#8243; tablet_portrait=\u00bb90&#8243; mobile_landscape=\u00bb80&#8243; mobile=\u00bb70&#8243;][gsf_heading title_font_size=\u00bb24&#8243; title_color=\u00bb#acd373&#8243; title_letter_spacing=\u00bb0.1&#8243; sub_title_font_size=\u00bb14&#8243; text_align=\u00bbtext-left\u00bb title_use_theme_fonts=\u00bb\u00bb title=\u00bbPOL\u00cdTICA DE COOKIES\u00bb title_typography=\u00bbLato|regular|400|normal\u00bb]<\/p>\n<p>Avisamos que en este sitio Web se puede utilizar cookies cuando el usuario navega por las diferentes p\u00e1ginas del sitio. Durante el uso de nuestra p\u00e1gina web aceptas y autorizas expresamente el uso de cookies, de acuerdo con nuestra pol\u00edtica de privacidad.<\/p>\n<p><strong>\u00bfQu\u00e9 son las cookies?<\/strong> Una cookie es un fichero muy peque\u00f1o que se descarga en el ordenador\/smartphone\/tablet del usuario al acceder a determinadas p\u00e1ginas web para almacenar y recuperar informaci\u00f3n sobre la navegaci\u00f3n que se efect\u00faa desde dicho equipo. Para conocer m\u00e1s informaci\u00f3n sobre las cookies, le invito a acceder al siguiente enlace.<\/p>\n<p>\u00bf<strong>Para qu\u00e9 sirven las cookies?<\/strong> La utilizaci\u00f3n de las cookies tiene como finalidad exclusiva recordar las preferencias del usuario (idioma, pa\u00eds, inicio de sesi\u00f3n, caracter\u00edsticas de su navegador, informaci\u00f3n de uso de nuestra Web, etc.) Recordando sus preferencias sabremos las caracter\u00edsticas del ordenador que est\u00e1 usando y as\u00ed podremos ofrecerle una mejor experiencia de navegaci\u00f3n. Las cookies pueden ayudar a nuestro sitio Web a distinguir el navegador del usuario como visitante anterior y as\u00ed guardar y recordar las preferencias que puedan haberse establecido mientras el usuario estaba navegando por el sitio, personalizar las p\u00e1ginas de inicio, identificar qu\u00e9 sectores de un sitio han sido visitados o mantener un registro de selecciones en un \u201ccarro de compra\u201d. Asimismo pueden ser utilizadas para obtener informaci\u00f3n acerca del tr\u00e1fico dentro del propio site y estimar el n\u00famero de visitas realizadas. Normalmente los sitios Web utilizan las cookies para obtener informaci\u00f3n estad\u00edstica sobre sus p\u00e1ginas Web. Tenga en cuenta que recogemos datos sobre sus movimientos y uso de nuestra Web como datos estad\u00edsticos, no personales.<\/p>\n<p><strong>Salvaguardas de protecci\u00f3n.<\/strong> El usuario puede configurar su navegador para aceptar, o no, las cookies que recibe o para que el navegador le avise cuando un servidor quiera guardar una cookie o borrarlas de su ordenador. Puede encontrar las instrucciones en la configuraci\u00f3n de seguridad en su navegador Web.<\/p>\n<p>Ejemplos:<\/p>\n<hr \/>\n<p><strong>Si utiliza Microsoft Internet Explorer, en la opci\u00f3n de men\u00fa Herramientas &gt; Opciones de Internet &gt; Privacidad &gt; Configuraci\u00f3n.\u2022 Si utiliza Firefox, en la opci\u00f3n de men\u00fa Herramientas &gt; Opciones &gt; Privacidad &gt; Cookies.\u2022 Si utiliza Google Chrome, en la opci\u00f3n de men\u00fa Configuraci\u00f3n &gt; Privacidad\u2022 Si utiliza Safari, en la opci\u00f3n de men\u00fa Preferencias &gt; Seguridad.<\/strong><\/p>\n<hr \/>\n<p>Puede hacer uso de la secci\u00f3n \u201cAyuda\u201d que encontrar\u00e1 en la barra de herramientas de la mayor\u00eda de navegadores para cambiar los ajustes de su ordenador, sin embargo, algunas de las caracter\u00edsticas de nuestros servicios online pueden no funcionar o pueden resultar m\u00e1s complicadas de acceder si rechaza todas las cookies. Muchos navegadores permiten activar un modo privado mediante el cual las cookies se borran siempre despu\u00e9s de su visita. Dependiendo de cada navegador, este modo privado puede tener diferentes nombres, Por favor, lea atentamente la secci\u00f3n de ayuda de su navegador para conocer m\u00e1s acerca de como activar el \u201cmodo privado\u201d. Podr\u00e1 seguir visitando nuestra Web aunque su navegador est\u00e9 en \u201cmodo privado\u201d, no obstante, la experiencia de usuario puede no ser \u00f3ptima y algunas utilidades pueden no funcionar.<\/p>\n<p>[\/gsf_heading][gsf_space desktop=\u00bb70&#8243; tablet=\u00bb50&#8243; tablet_portrait=\u00bb40&#8243; mobile_landscape=\u00bb40&#8243; mobile=\u00bb40&#8243;][vc_empty_space][\/vc_column][vc_column][gsf_border border_height=\u00bb1&#8243;][\/vc_column][\/vc_row]<\/p>\n","protected":false},"excerpt":{"rendered":"<p>[vc_row content_width=\u00bbfull\u00bb][vc_column offset=\u00bbvc_col-lg-offset-2 vc_col-lg-8 vc_col-md-offset-1 vc_col-md-10&#8243;][gsf_space desktop=\u00bb200&#8243; tablet=\u00bb110&#8243; tablet_portrait=\u00bb90&#8243; mobile_landscape=\u00bb80&#8243; mobile=\u00bb70&#8243;][gsf_heading title_font_size=\u00bb24&#8243; title_color=\u00bb#acd373&#8243; title_letter_spacing=\u00bb0.1&#8243; sub_title_font_size=\u00bb14&#8243; text_align=\u00bbtext-left\u00bb title_use_theme_fonts=\u00bb\u00bb title=\u00bbAVISO LEGAL Y POL\u00cdTICA DE PRIVACIDAD\u00bb title_typography=\u00bbLato|regular|400|normal\u00bb] En cumplimiento con el deber de informaci\u00f3n recogido en art\u00edculo 10 de la Ley 34\/2002, de 11 de julio, de Servicios de la Sociedad de la Informaci\u00f3n y del Comercio Electr\u00f3nico, [&hellip;]<\/p>\n","protected":false},"author":1,"featured_media":0,"parent":0,"menu_order":0,"comment_status":"closed","ping_status":"closed","template":"","meta":[],"_links":{"self":[{"href":"https:\/\/www.cesarflor.com\/tiendacesarflor\/wp-json\/wp\/v2\/pages\/4495"}],"collection":[{"href":"https:\/\/www.cesarflor.com\/tiendacesarflor\/wp-json\/wp\/v2\/pages"}],"about":[{"href":"https:\/\/www.cesarflor.com\/tiendacesarflor\/wp-json\/wp\/v2\/types\/page"}],"author":[{"embeddable":true,"href":"https:\/\/www.cesarflor.com\/tiendacesarflor\/wp-json\/wp\/v2\/users\/1"}],"replies":[{"embeddable":true,"href":"https:\/\/www.cesarflor.com\/tiendacesarflor\/wp-json\/wp\/v2\/comments?post=4495"}],"version-history":[{"count":10,"href":"https:\/\/www.cesarflor.com\/tiendacesarflor\/wp-json\/wp\/v2\/pages\/4495\/revisions"}],"predecessor-version":[{"id":4506,"href":"https:\/\/www.cesarflor.com\/tiendacesarflor\/wp-json\/wp\/v2\/pages\/4495\/revisions\/4506"}],"wp:attachment":[{"href":"https:\/\/www.cesarflor.com\/tiendacesarflor\/wp-json\/wp\/v2\/media?parent=4495"}],"curies":[{"name":"wp","href":"https:\/\/api.w.org\/{rel}","templated":true}]}}