{"id":4522,"date":"2020-04-27T12:00:32","date_gmt":"2020-04-27T12:00:32","guid":{"rendered":"https:\/\/www.cesarflor.com\/tiendacesarflor\/?post_type=product&#038;p=4522"},"modified":"2024-02-10T20:28:26","modified_gmt":"2024-02-10T20:28:26","slug":"ramo-sinfonia","status":"publish","type":"product","link":"https:\/\/www.cesarflor.com\/tiendacesarflor\/product\/ramo-sinfonia\/","title":{"rendered":"Ramo Sinfon\u00eda"},"content":{"rendered":"<p>Combinaci\u00f3n de flores en tonos c\u00e1lidos rosas rojas, gerberas naranjas, margaritas, claveles y variedad de finos verdes.<\/p>\n<p>Especial detalle para cualquier ocasi\u00f3n.<\/p>\n","protected":false},"excerpt":{"rendered":"<p>Combinaci\u00f3n de flores en tonos c\u00e1lidos rosas rojas, gerberas naranjas, margaritas, claveles y variedad de finos verdes.<\/p>\n<p>Especial detalle para cualquier ocasi\u00f3n.<\/p>\n","protected":false},"featured_media":4524,"comment_status":"open","ping_status":"closed","template":"","meta":[],"product_cat":[134,138,140],"product_tag":[],"_links":{"self":[{"href":"https:\/\/www.cesarflor.com\/tiendacesarflor\/wp-json\/wp\/v2\/product\/4522"}],"collection":[{"href":"https:\/\/www.cesarflor.com\/tiendacesarflor\/wp-json\/wp\/v2\/product"}],"about":[{"href":"https:\/\/www.cesarflor.com\/tiendacesarflor\/wp-json\/wp\/v2\/types\/product"}],"replies":[{"embeddable":true,"href":"https:\/\/www.cesarflor.com\/tiendacesarflor\/wp-json\/wp\/v2\/comments?post=4522"}],"wp:featuredmedia":[{"embeddable":true,"href":"https:\/\/www.cesarflor.com\/tiendacesarflor\/wp-json\/wp\/v2\/media\/4524"}],"wp:attachment":[{"href":"https:\/\/www.cesarflor.com\/tiendacesarflor\/wp-json\/wp\/v2\/media?parent=4522"}],"wp:term":[{"taxonomy":"product_cat","embeddable":true,"href":"https:\/\/www.cesarflor.com\/tiendacesarflor\/wp-json\/wp\/v2\/product_cat?post=4522"},{"taxonomy":"product_tag","embeddable":true,"href":"https:\/\/www.cesarflor.com\/tiendacesarflor\/wp-json\/wp\/v2\/product_tag?post=4522"}],"curies":[{"name":"wp","href":"https:\/\/api.w.org\/{rel}","templated":true}]}}