{"id":4541,"date":"2020-04-27T12:34:02","date_gmt":"2020-04-27T12:34:02","guid":{"rendered":"https:\/\/www.cesarflor.com\/tiendacesarflor\/?post_type=product&#038;p=4541"},"modified":"2025-07-08T10:10:55","modified_gmt":"2025-07-08T10:10:55","slug":"mozart","status":"publish","type":"product","link":"https:\/\/www.cesarflor.com\/tiendacesarflor\/product\/mozart\/","title":{"rendered":"Ramo Mozart"},"content":{"rendered":"<p>Ramo de 7 rosas rojas especial para cualquier ocasi\u00f3n, acompa\u00f1ado de finos verdes y jarr\u00f3n de cristal para garantizar mayor duraci\u00f3n en tu hogar.<\/p>\n<p>Lo llevamos a casa el mismo d\u00eda<\/p>\n","protected":false},"excerpt":{"rendered":"<p>Ramo de 7 rosas rojas especial para cualquier ocasi\u00f3n, acompa\u00f1ado de finos verdes y jarr\u00f3n de cristal para garantizar mayor duraci\u00f3n en tu hogar.<\/p>\n<p>Lo llevamos a casa el mismo d\u00eda<\/p>\n","protected":false},"featured_media":4542,"comment_status":"open","ping_status":"closed","template":"","meta":[],"product_cat":[134,135,138,140],"product_tag":[],"_links":{"self":[{"href":"https:\/\/www.cesarflor.com\/tiendacesarflor\/wp-json\/wp\/v2\/product\/4541"}],"collection":[{"href":"https:\/\/www.cesarflor.com\/tiendacesarflor\/wp-json\/wp\/v2\/product"}],"about":[{"href":"https:\/\/www.cesarflor.com\/tiendacesarflor\/wp-json\/wp\/v2\/types\/product"}],"replies":[{"embeddable":true,"href":"https:\/\/www.cesarflor.com\/tiendacesarflor\/wp-json\/wp\/v2\/comments?post=4541"}],"wp:featuredmedia":[{"embeddable":true,"href":"https:\/\/www.cesarflor.com\/tiendacesarflor\/wp-json\/wp\/v2\/media\/4542"}],"wp:attachment":[{"href":"https:\/\/www.cesarflor.com\/tiendacesarflor\/wp-json\/wp\/v2\/media?parent=4541"}],"wp:term":[{"taxonomy":"product_cat","embeddable":true,"href":"https:\/\/www.cesarflor.com\/tiendacesarflor\/wp-json\/wp\/v2\/product_cat?post=4541"},{"taxonomy":"product_tag","embeddable":true,"href":"https:\/\/www.cesarflor.com\/tiendacesarflor\/wp-json\/wp\/v2\/product_tag?post=4541"}],"curies":[{"name":"wp","href":"https:\/\/api.w.org\/{rel}","templated":true}]}}