{"id":4550,"date":"2020-04-27T12:57:04","date_gmt":"2020-04-27T12:57:04","guid":{"rendered":"https:\/\/www.cesarflor.com\/tiendacesarflor\/?post_type=product&#038;p=4550"},"modified":"2024-02-10T20:49:51","modified_gmt":"2024-02-10T20:49:51","slug":"ramo-de-24-rosas-rojas","status":"publish","type":"product","link":"https:\/\/www.cesarflor.com\/tiendacesarflor\/product\/ramo-de-24-rosas-rojas\/","title":{"rendered":"Ramo de 24 rosas rojas"},"content":{"rendered":"<p>Ramo de 24 rosas rojas elaboradas sobre base de verdes de distintas variedades y adorno de paniculata.<\/p>\n<p>Cl\u00e1sico ramo con el que poder tener un magn\u00edfico detalle. Ideal para felicitaci\u00f3n, aniversario o cumplea\u00f1os &#8230;<\/p>\n","protected":false},"excerpt":{"rendered":"<p>Ramo de 24 rosas rojas elaboradas sobre base de verdes de distintas variedades y adorno de paniculata.<\/p>\n<p>Cl\u00e1sico ramo con el que poder tener un magn\u00edfico detalle. Ideal para felicitaci\u00f3n, aniversario o cumplea\u00f1os &#8230;<\/p>\n","protected":false},"featured_media":4561,"comment_status":"open","ping_status":"closed","template":"","meta":[],"product_cat":[140],"product_tag":[],"_links":{"self":[{"href":"https:\/\/www.cesarflor.com\/tiendacesarflor\/wp-json\/wp\/v2\/product\/4550"}],"collection":[{"href":"https:\/\/www.cesarflor.com\/tiendacesarflor\/wp-json\/wp\/v2\/product"}],"about":[{"href":"https:\/\/www.cesarflor.com\/tiendacesarflor\/wp-json\/wp\/v2\/types\/product"}],"replies":[{"embeddable":true,"href":"https:\/\/www.cesarflor.com\/tiendacesarflor\/wp-json\/wp\/v2\/comments?post=4550"}],"wp:featuredmedia":[{"embeddable":true,"href":"https:\/\/www.cesarflor.com\/tiendacesarflor\/wp-json\/wp\/v2\/media\/4561"}],"wp:attachment":[{"href":"https:\/\/www.cesarflor.com\/tiendacesarflor\/wp-json\/wp\/v2\/media?parent=4550"}],"wp:term":[{"taxonomy":"product_cat","embeddable":true,"href":"https:\/\/www.cesarflor.com\/tiendacesarflor\/wp-json\/wp\/v2\/product_cat?post=4550"},{"taxonomy":"product_tag","embeddable":true,"href":"https:\/\/www.cesarflor.com\/tiendacesarflor\/wp-json\/wp\/v2\/product_tag?post=4550"}],"curies":[{"name":"wp","href":"https:\/\/api.w.org\/{rel}","templated":true}]}}