{"id":5068,"date":"2025-07-08T10:52:27","date_gmt":"2025-07-08T10:52:27","guid":{"rendered":"https:\/\/www.cesarflor.com\/tiendacesarflor\/?post_type=product&#038;p=5068"},"modified":"2025-07-14T11:04:18","modified_gmt":"2025-07-14T11:04:18","slug":"ramo-funerario-paz-serena","status":"publish","type":"product","link":"https:\/\/www.cesarflor.com\/tiendacesarflor\/product\/ramo-funerario-paz-serena\/","title":{"rendered":"Ramo funerario A4"},"content":{"rendered":"<p>Composici\u00f3n de flor variada en tonos blancos (opcionalmente en color, dise\u00f1ada para expresar serenidad y acompa\u00f1amiento en momentos dif\u00edciles<\/p>\n","protected":false},"excerpt":{"rendered":"<p>Composici\u00f3n de flor variada en tonos blancos (opcionalmente en color, dise\u00f1ada para expresar serenidad y acompa\u00f1amiento en momentos dif\u00edciles<\/p>\n","protected":false},"featured_media":5069,"comment_status":"closed","ping_status":"closed","template":"","meta":[],"product_cat":[137],"product_tag":[],"_links":{"self":[{"href":"https:\/\/www.cesarflor.com\/tiendacesarflor\/wp-json\/wp\/v2\/product\/5068"}],"collection":[{"href":"https:\/\/www.cesarflor.com\/tiendacesarflor\/wp-json\/wp\/v2\/product"}],"about":[{"href":"https:\/\/www.cesarflor.com\/tiendacesarflor\/wp-json\/wp\/v2\/types\/product"}],"replies":[{"embeddable":true,"href":"https:\/\/www.cesarflor.com\/tiendacesarflor\/wp-json\/wp\/v2\/comments?post=5068"}],"wp:featuredmedia":[{"embeddable":true,"href":"https:\/\/www.cesarflor.com\/tiendacesarflor\/wp-json\/wp\/v2\/media\/5069"}],"wp:attachment":[{"href":"https:\/\/www.cesarflor.com\/tiendacesarflor\/wp-json\/wp\/v2\/media?parent=5068"}],"wp:term":[{"taxonomy":"product_cat","embeddable":true,"href":"https:\/\/www.cesarflor.com\/tiendacesarflor\/wp-json\/wp\/v2\/product_cat?post=5068"},{"taxonomy":"product_tag","embeddable":true,"href":"https:\/\/www.cesarflor.com\/tiendacesarflor\/wp-json\/wp\/v2\/product_tag?post=5068"}],"curies":[{"name":"wp","href":"https:\/\/api.w.org\/{rel}","templated":true}]}}